{"id":4304,"date":"2025-11-01T15:18:48","date_gmt":"2025-11-01T15:18:48","guid":{"rendered":"https:\/\/evolocoaching.ch\/?page_id=4304"},"modified":"2025-11-18T08:28:32","modified_gmt":"2025-11-18T08:28:32","slug":"legal","status":"publish","type":"page","link":"https:\/\/evolocoaching.ch\/en\/legal\/","title":{"rendered":"Legal"},"content":{"rendered":"<div data-elementor-type=\"wp-page\" data-elementor-id=\"4304\" class=\"elementor elementor-4304\" data-elementor-post-type=\"page\">\n\t\t\t\t<div class=\"elementor-element elementor-element-4525ba3 e-flex e-con-boxed e-con e-parent\" data-id=\"4525ba3\" data-element_type=\"container\" data-settings=\"{&quot;background_background&quot;:&quot;classic&quot;}\">\n\t\t\t\t\t<div class=\"e-con-inner\">\n\t\t\t\t<div class=\"elementor-element elementor-element-d52a32a elementor-widget elementor-widget-heading\" data-id=\"d52a32a\" data-element_type=\"widget\" data-widget_type=\"heading.default\">\n\t\t\t\t\t<h3 class=\"elementor-heading-title elementor-size-default\">Legal<\/h3>\t\t\t\t<\/div>\n\t\t\t\t<div class=\"elementor-element elementor-element-06933f3 elementor-widget elementor-widget-heading\" data-id=\"06933f3\" data-element_type=\"widget\" data-widget_type=\"heading.default\">\n\t\t\t\t\t<h1 class=\"elementor-heading-title elementor-size-default\">2. Legal Notice (Swiss Law Compliant)<\/h1>\t\t\t\t<\/div>\n\t\t\t\t\t<\/div>\n\t\t\t\t<\/div>\n\t\t<div class=\"elementor-element elementor-element-031669c e-flex e-con-boxed e-con e-parent\" data-id=\"031669c\" data-element_type=\"container\">\n\t\t\t\t\t<div class=\"e-con-inner\">\n\t\t\t\t<div class=\"elementor-element elementor-element-e49ad41 elementor-widget elementor-widget-text-editor\" data-id=\"e49ad41\" data-element_type=\"widget\" data-widget_type=\"text-editor.default\">\n\t\t\t\t\t\t\t\t\t<h2 data-start=\"120\" data-end=\"153\">Legal Notice \u2014 Evolo<\/strong><\/h2>\n<p data-start=\"154\" data-end=\"331\"> Last Updated: 01 Nov 2025 <br data-start=\"197\" data-end=\"200\" \/> Website:  <a class=\"decorated-link\" href=\"https:\/\/evolocoaching.ch\/en\/\" target=\"_new\" rel=\"noopener\" data-start=\"215\" data-end=\"248\">https:\/\/evolocoaching.ch<\/a><br data-start=\"248\" data-end=\"251\" \/> Owner \/ Operator: Evolo<\/strong> Evolo has no control over the content or availability of these external sites and is not responsible for their accuracy, policies, or practices. The inclusion of such links does not imply endorsement or association.<br data-start=\"287\" data-end=\"290\" \/> Email :<\/strong> <a class=\"decorated-link cursor-pointer\" rel=\"noopener\" data-start=\"302\" data-end=\"329\">cfressynet@evolocoaching.ch<\/a><\/p>\t\t\t\t\t\t\t\t<\/div>\n\t\t\t\t<div class=\"elementor-element elementor-element-2cbd597 elementor-widget elementor-widget-heading\" data-id=\"2cbd597\" data-element_type=\"widget\" data-widget_type=\"heading.default\">\n\t\t\t\t\t<h3 class=\"elementor-heading-title elementor-size-default\">2. Purpose of the Website<\/h3>\t\t\t\t<\/div>\n\t\t\t\t<div class=\"elementor-element elementor-element-512b95c elementor-widget elementor-widget-text-editor\" data-id=\"512b95c\" data-element_type=\"widget\" data-widget_type=\"text-editor.default\">\n\t\t\t\t\t\t\t\t\t<p>This website provides information about Evolo, its services, and business activities.<br data-start=\"457\" data-end=\"460\" \/>We strive to keep content accurate and updated; however, we do not guarantee completeness or error-free information at all times.<\/p>\t\t\t\t\t\t\t\t<\/div>\n\t\t\t\t<div class=\"elementor-element elementor-element-0b914d0 elementor-widget elementor-widget-heading\" data-id=\"0b914d0\" data-element_type=\"widget\" data-widget_type=\"heading.default\">\n\t\t\t\t\t<h3 class=\"elementor-heading-title elementor-size-default\">3. Intellectual Property<\/h3>\t\t\t\t<\/div>\n\t\t\t\t<div class=\"elementor-element elementor-element-18d89c3 elementor-widget elementor-widget-text-editor\" data-id=\"18d89c3\" data-element_type=\"widget\" data-widget_type=\"text-editor.default\">\n\t\t\t\t\t\t\t\t\t<p>All text, images, icons, logos, graphics, and other materials are the property of Evolo or its licensors.<br data-start=\"778\" data-end=\"781\" \/>You may not reproduce, distribute, or use our content commercially without written permission.<\/p>\t\t\t\t\t\t\t\t<\/div>\n\t\t\t\t<div class=\"elementor-element elementor-element-8fa272c elementor-widget elementor-widget-heading\" data-id=\"8fa272c\" data-element_type=\"widget\" data-widget_type=\"heading.default\">\n\t\t\t\t\t<h3 class=\"elementor-heading-title elementor-size-default\">4. Disclaimer<\/h3>\t\t\t\t<\/div>\n\t\t\t\t<div class=\"elementor-element elementor-element-fda4c3f elementor-widget elementor-widget-text-editor\" data-id=\"fda4c3f\" data-element_type=\"widget\" data-widget_type=\"text-editor.default\">\n\t\t\t\t\t\t\t\t\t<p>The website content is for general information only.<br data-start=\"1013\" data-end=\"1016\" \/>Evolo is not liable for losses or damages arising from use of this website.<\/p>\t\t\t\t\t\t\t\t<\/div>\n\t\t\t\t<div class=\"elementor-element elementor-element-a9f509f elementor-widget elementor-widget-heading\" data-id=\"a9f509f\" data-element_type=\"widget\" data-widget_type=\"heading.default\">\n\t\t\t\t\t<h3 class=\"elementor-heading-title elementor-size-default\">5. External Links<\/h3>\t\t\t\t<\/div>\n\t\t\t\t<div class=\"elementor-element elementor-element-1bde06f elementor-widget elementor-widget-text-editor\" data-id=\"1bde06f\" data-element_type=\"widget\" data-widget_type=\"text-editor.default\">\n\t\t\t\t\t\t\t\t\t<p data-start=\"1156\" data-end=\"1378\">Our website may link to third-party websites.<br data-start=\"1212\" data-end=\"1215\" \/>We are not responsible for their content, accuracy, or policies.<br data-start=\"1306\" data-end=\"1309\" \/>Links do not imply endorsement.<\/p>\t\t\t\t\t\t\t\t<\/div>\n\t\t\t\t<div class=\"elementor-element elementor-element-5cbc764 elementor-widget elementor-widget-heading\" data-id=\"5cbc764\" data-element_type=\"widget\" data-widget_type=\"heading.default\">\n\t\t\t\t\t<h3 class=\"elementor-heading-title elementor-size-default\">6. Limitation of Liability<\/h3>\t\t\t\t<\/div>\n\t\t\t\t<div class=\"elementor-element elementor-element-28230fe elementor-widget elementor-widget-text-editor\" data-id=\"28230fe\" data-element_type=\"widget\" data-widget_type=\"text-editor.default\">\n\t\t\t\t\t\t\t\t\t<p data-start=\"1426\" data-end=\"1575\">To the extent permitted by law, Evolo and its partners are not liable for direct or indirect damages related to:<\/p><ul data-start=\"1577\" data-end=\"1717\"><li data-start=\"1577\" data-end=\"1600\"><p data-start=\"1579\" data-end=\"1600\">Website errors<\/p><\/li><li data-start=\"1601\" data-end=\"1652\"><p data-start=\"1603\" data-end=\"1652\">Downtime<\/p><\/li><li data-start=\"1653\" data-end=\"1666\"><p data-start=\"1655\" data-end=\"1666\">Viruses<\/p><\/li><li data-start=\"1667\" data-end=\"1692\"><p data-start=\"1669\" data-end=\"1692\">Unauthorized access<\/p><\/li><li data-start=\"1693\" data-end=\"1717\"><p data-start=\"1695\" data-end=\"1717\">Data loss<\/p><\/li><\/ul>\t\t\t\t\t\t\t\t<\/div>\n\t\t\t\t<div class=\"elementor-element elementor-element-92d7344 elementor-widget elementor-widget-heading\" data-id=\"92d7344\" data-element_type=\"widget\" data-widget_type=\"heading.default\">\n\t\t\t\t\t<h3 class=\"elementor-heading-title elementor-size-default\">7. Data Protection<\/h3>\t\t\t\t<\/div>\n\t\t\t\t<div class=\"elementor-element elementor-element-997c470 elementor-widget elementor-widget-text-editor\" data-id=\"997c470\" data-element_type=\"widget\" data-widget_type=\"text-editor.default\">\n\t\t\t\t\t\t\t\t\t<p data-start=\"1759\" data-end=\"1888\">Personal data is processed according to our Privacy Policy and in compliance with:<\/p><ul data-start=\"1890\" data-end=\"2048\"><li data-start=\"1890\" data-end=\"1962\"><p data-start=\"1892\" data-end=\"1962\">Swiss Federal Data Protection Act (FADP\/DSG)<\/p><\/li><li data-start=\"1963\" data-end=\"2048\"><p data-start=\"1965\" data-end=\"2048\">EU General Data Protection Regulation (GDPR), where applicable<\/p><\/li><\/ul>\t\t\t\t\t\t\t\t<\/div>\n\t\t\t\t<div class=\"elementor-element elementor-element-27ed9fe elementor-widget elementor-widget-heading\" data-id=\"27ed9fe\" data-element_type=\"widget\" data-widget_type=\"heading.default\">\n\t\t\t\t\t<h3 class=\"elementor-heading-title elementor-size-default\">8. Governing Law<\/h3>\t\t\t\t<\/div>\n\t\t\t\t<div class=\"elementor-element elementor-element-2c84f95 elementor-widget elementor-widget-text-editor\" data-id=\"2c84f95\" data-element_type=\"widget\" data-widget_type=\"text-editor.default\">\n\t\t\t\t\t\t\t\t\t<p class=\"translation-block\">This website is governed by Swiss law.\nJurisdiction: Switzerland (client can insert specific canton if needed).<\/p>\t\t\t\t\t\t\t\t<\/div>\n\t\t\t\t<div class=\"elementor-element elementor-element-2fb0afc elementor-widget elementor-widget-heading\" data-id=\"2fb0afc\" data-element_type=\"widget\" data-widget_type=\"heading.default\">\n\t\t\t\t\t<h3 class=\"elementor-heading-title elementor-size-default\">9. Changes<\/h3>\t\t\t\t<\/div>\n\t\t\t\t<div class=\"elementor-element elementor-element-4276db6 elementor-widget elementor-widget-text-editor\" data-id=\"4276db6\" data-element_type=\"widget\" data-widget_type=\"text-editor.default\">\n\t\t\t\t\t\t\t\t\t<p data-start=\"2233\" data-end=\"2295\">This Legal Notice may be updated from time to time.<\/p>\t\t\t\t\t\t\t\t<\/div>\n\t\t\t\t<div class=\"elementor-element elementor-element-6f229f2 elementor-widget elementor-widget-heading\" data-id=\"6f229f2\" data-element_type=\"widget\" data-widget_type=\"heading.default\">\n\t\t\t\t\t<h3 class=\"elementor-heading-title elementor-size-default\">10. Contact<\/h3>\t\t\t\t<\/div>\n\t\t\t\t<div class=\"elementor-element elementor-element-9607d8f elementor-widget elementor-widget-text-editor\" data-id=\"9607d8f\" data-element_type=\"widget\" data-widget_type=\"text-editor.default\">\n\t\t\t\t\t\t\t\t\t<p><strong data-start=\"2323\" data-end=\"2334\">Email :<\/strong> <a class=\"decorated-link cursor-pointer\" rel=\"noopener\" data-start=\"2335\" data-end=\"2362\">cfressynet@evolocoaching.ch<\/a><br data-start=\"2362\" data-end=\"2365\" \/><strong data-start=\"2365\" data-end=\"2379\">Website:<\/strong> <a class=\"decorated-link\" href=\"https:\/\/evolocoaching.ch\/en\/\" target=\"_new\" rel=\"noopener\" data-start=\"2380\" data-end=\"2414\">https:\/\/evolocoaching.ch\/<\/a><\/p>\t\t\t\t\t\t\t\t<\/div>\n\t\t\t\t\t<\/div>\n\t\t\t\t<\/div>\n\t\t\t\t<\/div>","protected":false},"excerpt":{"rendered":"<p>l\u00e9gales Mentions L\u00e9gales (Conformes au Droit Suisse) Mentions L\u00e9gales \u2014 Evolo Derni\u00e8re mise \u00e0 jour : 01 novembre 2025 Site web : https:\/\/evolocoaching.ch Propri\u00e9taire \/ Op\u00e9rateur : Evolo Email : [&hellip;]<\/p>","protected":false},"author":1,"featured_media":0,"parent":0,"menu_order":0,"comment_status":"closed","ping_status":"closed","template":"elementor_header_footer","meta":{"_acf_changed":false,"site-sidebar-layout":"no-sidebar","site-content-layout":"","ast-site-content-layout":"full-width-container","site-content-style":"default","site-sidebar-style":"default","ast-global-header-display":"","ast-banner-title-visibility":"","ast-main-header-display":"","ast-hfb-above-header-display":"","ast-hfb-below-header-display":"","ast-hfb-mobile-header-display":"","site-post-title":"","ast-breadcrumbs-content":"","ast-featured-img":"disabled","footer-sml-layout":"","theme-transparent-header-meta":"","adv-header-id-meta":"","stick-header-meta":"","header-above-stick-meta":"","header-main-stick-meta":"","header-below-stick-meta":"","astra-migrate-meta-layouts":"default","ast-page-background-enabled":"default","ast-page-background-meta":{"desktop":{"background-color":"var(--ast-global-color-5)","background-image":"","background-repeat":"repeat","background-position":"center center","background-size":"auto","background-attachment":"scroll","background-type":"","background-media":"","overlay-type":"","overlay-color":"","overlay-opacity":"","overlay-gradient":""},"tablet":{"background-color":"","background-image":"","background-repeat":"repeat","background-position":"center center","background-size":"auto","background-attachment":"scroll","background-type":"","background-media":"","overlay-type":"","overlay-color":"","overlay-opacity":"","overlay-gradient":""},"mobile":{"background-color":"","background-image":"","background-repeat":"repeat","background-position":"center center","background-size":"auto","background-attachment":"scroll","background-type":"","background-media":"","overlay-type":"","overlay-color":"","overlay-opacity":"","overlay-gradient":""}},"ast-content-background-meta":{"desktop":{"background-color":"var(--ast-global-color-4)","background-image":"","background-repeat":"repeat","background-position":"center center","background-size":"auto","background-attachment":"scroll","background-type":"","background-media":"","overlay-type":"","overlay-color":"","overlay-opacity":"","overlay-gradient":""},"tablet":{"background-color":"var(--ast-global-color-4)","background-image":"","background-repeat":"repeat","background-position":"center center","background-size":"auto","background-attachment":"scroll","background-type":"","background-media":"","overlay-type":"","overlay-color":"","overlay-opacity":"","overlay-gradient":""},"mobile":{"background-color":"var(--ast-global-color-4)","background-image":"","background-repeat":"repeat","background-position":"center center","background-size":"auto","background-attachment":"scroll","background-type":"","background-media":"","overlay-type":"","overlay-color":"","overlay-opacity":"","overlay-gradient":""}},"_price":"","_stock":"","_tribe_ticket_header":"","_tribe_default_ticket_provider":"","_tribe_ticket_capacity":"0","_ticket_start_date":"","_ticket_end_date":"","_tribe_ticket_show_description":"","_tribe_ticket_show_not_going":false,"_tribe_ticket_use_global_stock":"","_tribe_ticket_global_stock_level":"","_global_stock_mode":"","_global_stock_cap":"","_tribe_rsvp_for_event":"","_tribe_ticket_going_count":"","_tribe_ticket_not_going_count":"","_tribe_tickets_list":"[]","_tribe_ticket_has_attendee_info_fields":false,"footnotes":"","_tec_slr_enabled":"","_tec_slr_layout":""},"class_list":["post-4304","page","type-page","status-publish","hentry"],"acf":[],"ticketed":false,"_links":{"self":[{"href":"https:\/\/evolocoaching.ch\/en\/wp-json\/wp\/v2\/pages\/4304","targetHints":{"allow":["GET"]}}],"collection":[{"href":"https:\/\/evolocoaching.ch\/en\/wp-json\/wp\/v2\/pages"}],"about":[{"href":"https:\/\/evolocoaching.ch\/en\/wp-json\/wp\/v2\/types\/page"}],"author":[{"embeddable":true,"href":"https:\/\/evolocoaching.ch\/en\/wp-json\/wp\/v2\/users\/1"}],"replies":[{"embeddable":true,"href":"https:\/\/evolocoaching.ch\/en\/wp-json\/wp\/v2\/comments?post=4304"}],"version-history":[{"count":0,"href":"https:\/\/evolocoaching.ch\/en\/wp-json\/wp\/v2\/pages\/4304\/revisions"}],"wp:attachment":[{"href":"https:\/\/evolocoaching.ch\/en\/wp-json\/wp\/v2\/media?parent=4304"}],"curies":[{"name":"wp","href":"https:\/\/api.w.org\/{rel}","templated":true}]}}