{"id":4309,"date":"2025-11-01T15:26:23","date_gmt":"2025-11-01T15:26:23","guid":{"rendered":"https:\/\/evolocoaching.ch\/?page_id=4309"},"modified":"2025-11-18T08:32:37","modified_gmt":"2025-11-18T08:32:37","slug":"confidentiality-policy","status":"publish","type":"page","link":"https:\/\/evolocoaching.ch\/en\/confidentiality-policy\/","title":{"rendered":"Confidentiality Policy"},"content":{"rendered":"<div data-elementor-type=\"wp-page\" data-elementor-id=\"4309\" class=\"elementor elementor-4309\" data-elementor-post-type=\"page\">\n\t\t\t\t<div class=\"elementor-element elementor-element-4525ba3 e-flex e-con-boxed e-con e-parent\" data-id=\"4525ba3\" data-element_type=\"container\" data-settings=\"{&quot;background_background&quot;:&quot;classic&quot;}\">\n\t\t\t\t\t<div class=\"e-con-inner\">\n\t\t\t\t<div class=\"elementor-element elementor-element-d52a32a elementor-widget elementor-widget-heading\" data-id=\"d52a32a\" data-element_type=\"widget\" data-widget_type=\"heading.default\">\n\t\t\t\t\t<h3 class=\"elementor-heading-title elementor-size-default\">Confidentiality Policy<\/h3>\t\t\t\t<\/div>\n\t\t\t\t<div class=\"elementor-element elementor-element-06933f3 elementor-widget elementor-widget-heading\" data-id=\"06933f3\" data-element_type=\"widget\" data-widget_type=\"heading.default\">\n\t\t\t\t\t<h1 class=\"elementor-heading-title elementor-size-default\">Confidentiality Policy (Swiss DSG + GDPR Compliant)<\/h1>\t\t\t\t<\/div>\n\t\t\t\t\t<\/div>\n\t\t\t\t<\/div>\n\t\t<div class=\"elementor-element elementor-element-031669c e-flex e-con-boxed e-con e-parent\" data-id=\"031669c\" data-element_type=\"container\">\n\t\t\t\t\t<div class=\"e-con-inner\">\n\t\t\t\t<div class=\"elementor-element elementor-element-e49ad41 elementor-widget elementor-widget-text-editor\" data-id=\"e49ad41\" data-element_type=\"widget\" data-widget_type=\"text-editor.default\">\n\t\t\t\t\t\t\t\t\t<p data-start=\"105\" data-end=\"148\">Last Updated: 01 Nov 2025<\/p><p data-start=\"150\" data-end=\"450\">Confidentiality Policy \u2014 Evolo\nLast Updated: 01 Nov 2025\nAt Evolo (\u201cwe\u201d, \u201cour\u201d, \u201cus\u201d), we are committed to protecting the confidentiality of all information shared with us by clients, partners, and website users. This policy explains how we handle, store, and protect confidential information.<\/p>\t\t\t\t\t\t\t\t<\/div>\n\t\t\t\t<div class=\"elementor-element elementor-element-2cbd597 elementor-widget elementor-widget-heading\" data-id=\"2cbd597\" data-element_type=\"widget\" data-widget_type=\"heading.default\">\n\t\t\t\t\t<h3 class=\"elementor-heading-title elementor-size-default\">1. Purpose<\/h3>\t\t\t\t<\/div>\n\t\t\t\t<div class=\"elementor-element elementor-element-512b95c elementor-widget elementor-widget-text-editor\" data-id=\"512b95c\" data-element_type=\"widget\" data-widget_type=\"text-editor.default\">\n\t\t\t\t\t\t\t\t\t<p>This policy ensures that all confidential and sensitive information processed by Evolo is protected against unauthorized access, disclosure, modification, or destruction.<\/p><p>This policy applies to all employees, contractors, service providers, and partners with access to confidential data.<\/p>\t\t\t\t\t\t\t\t<\/div>\n\t\t\t\t<div class=\"elementor-element elementor-element-0b914d0 elementor-widget elementor-widget-heading\" data-id=\"0b914d0\" data-element_type=\"widget\" data-widget_type=\"heading.default\">\n\t\t\t\t\t<h3 class=\"elementor-heading-title elementor-size-default\">2. Definition of Confidential Information<\/h3>\t\t\t\t<\/div>\n\t\t\t\t<div class=\"elementor-element elementor-element-18d89c3 elementor-widget elementor-widget-text-editor\" data-id=\"18d89c3\" data-element_type=\"widget\" data-widget_type=\"text-editor.default\">\n\t\t\t\t\t\t\t\t\t<p data-start=\"843\" data-end=\"964\">\u201cConfidential Information\u201d includes all non-public information shared with Evolo, such as:<\/p><ul data-start=\"966\" data-end=\"1287\"><li data-start=\"966\" data-end=\"1006\"><p data-start=\"968\" data-end=\"1006\">Personal contact information<\/p><\/li><li data-start=\"1007\" data-end=\"1051\"><p data-start=\"1009\" data-end=\"1051\">Client project data and deliverables<\/p><\/li><li data-start=\"1052\" data-end=\"1118\"><p data-start=\"1054\" data-end=\"1118\">Business documents, strategies, proposals, and contracts<\/p><\/li><li data-start=\"1119\" data-end=\"1165\"><p data-start=\"1121\" data-end=\"1165\">Technical or operational information<\/p><\/li><li data-start=\"1166\" data-end=\"1194\"><p data-start=\"1168\" data-end=\"1194\">Financial information<\/p><\/li><li data-start=\"1195\" data-end=\"1287\"><p data-start=\"1197\" data-end=\"1287\">Any information marked or reasonably understood as confidential<\/p><\/li><\/ul>\t\t\t\t\t\t\t\t<\/div>\n\t\t\t\t<div class=\"elementor-element elementor-element-8fa272c elementor-widget elementor-widget-heading\" data-id=\"8fa272c\" data-element_type=\"widget\" data-widget_type=\"heading.default\">\n\t\t\t\t\t<h3 class=\"elementor-heading-title elementor-size-default\">3. Our Commitment<\/h3>\t\t\t\t<\/div>\n\t\t\t\t<div class=\"elementor-element elementor-element-fda4c3f elementor-widget elementor-widget-text-editor\" data-id=\"fda4c3f\" data-element_type=\"widget\" data-widget_type=\"text-editor.default\">\n\t\t\t\t\t\t\t\t\t<p data-start=\"1318\" data-end=\"1336\">Evolo commits to:<\/p><ul data-start=\"1338\" data-end=\"1609\"><li data-start=\"1338\" data-end=\"1419\"><p data-start=\"1340\" data-end=\"1419\">Using confidential information only for its intended purpose<\/p><\/li><li data-start=\"1420\" data-end=\"1464\"><p data-start=\"1422\" data-end=\"1464\">Preventing unauthorized disclosure<\/p><\/li><li data-start=\"1465\" data-end=\"1518\"><p data-start=\"1467\" data-end=\"1518\">Restricting data access to authorized personnel<\/p><\/li><li data-start=\"1519\" data-end=\"1609\"><p data-start=\"1521\" data-end=\"1609\">Ensuring employees and partners respect confidentiality obligations<\/p><\/li><\/ul>\t\t\t\t\t\t\t\t<\/div>\n\t\t\t\t<div class=\"elementor-element elementor-element-a9f509f elementor-widget elementor-widget-heading\" data-id=\"a9f509f\" data-element_type=\"widget\" data-widget_type=\"heading.default\">\n\t\t\t\t\t<h3 class=\"elementor-heading-title elementor-size-default\">4. Use and Disclosure<\/h3>\t\t\t\t<\/div>\n\t\t\t\t<div class=\"elementor-element elementor-element-1bde06f elementor-widget elementor-widget-text-editor\" data-id=\"1bde06f\" data-element_type=\"widget\" data-widget_type=\"text-editor.default\">\n\t\t\t\t\t\t\t\t\t<p data-start=\"1650\" data-end=\"1781\">Nous ne vendons ni ne partageons les informations confidentielles.<br data-start=\"1716\" data-end=\"1719\" \/>Une divulgation ne peut avoir lieu que dans les cas suivants :<\/p><ul data-start=\"1783\" data-end=\"2015\"><li data-start=\"1783\" data-end=\"1834\"><p data-start=\"1785\" data-end=\"1834\">You give explicit written consent<\/p><\/li><li data-start=\"1835\" data-end=\"1934\"><p data-start=\"1837\" data-end=\"1934\">It is necessary to deliver services (e.g., trusted third-party providers under NDA)<\/p><\/li><li data-start=\"1935\" data-end=\"2015\"><p data-start=\"1937\" data-end=\"2015\">Required by law, court order, or regulatory authority<\/p><\/li><\/ul>\t\t\t\t\t\t\t\t<\/div>\n\t\t\t\t<div class=\"elementor-element elementor-element-5cbc764 elementor-widget elementor-widget-heading\" data-id=\"5cbc764\" data-element_type=\"widget\" data-widget_type=\"heading.default\">\n\t\t\t\t\t<h3 class=\"elementor-heading-title elementor-size-default\">5. Security Measures<\/h3>\t\t\t\t<\/div>\n\t\t\t\t<div class=\"elementor-element elementor-element-28230fe elementor-widget elementor-widget-text-editor\" data-id=\"28230fe\" data-element_type=\"widget\" data-widget_type=\"text-editor.default\">\n\t\t\t\t\t\t\t\t\t<p data-start=\"2049\" data-end=\"2114\">To protect confidential information, we use:<\/p><ul data-start=\"2116\" data-end=\"2386\"><li data-start=\"2116\" data-end=\"2172\"><p data-start=\"2118\" data-end=\"2172\">Secure storage and access control<\/p><\/li><li data-start=\"2173\" data-end=\"2218\"><p data-start=\"2175\" data-end=\"2218\">Encryption where appropriate<\/p><\/li><li data-start=\"2219\" data-end=\"2255\"><p data-start=\"2221\" data-end=\"2255\">Regular security audits<\/p><\/li><li data-start=\"2256\" data-end=\"2315\"><p data-start=\"2258\" data-end=\"2315\">Staff training on data protection<\/p><\/li><li data-start=\"2316\" data-end=\"2386\"><p data-start=\"2318\" data-end=\"2386\">Non-disclosure agreements (NDAs) with staff and vendors<\/p><\/li><\/ul>\t\t\t\t\t\t\t\t<\/div>\n\t\t\t\t<div class=\"elementor-element elementor-element-92d7344 elementor-widget elementor-widget-heading\" data-id=\"92d7344\" data-element_type=\"widget\" data-widget_type=\"heading.default\">\n\t\t\t\t\t<h3 class=\"elementor-heading-title elementor-size-default\">6. Retention &amp; Deletion<\/h3>\t\t\t\t<\/div>\n\t\t\t\t<div class=\"elementor-element elementor-element-997c470 elementor-widget elementor-widget-text-editor\" data-id=\"997c470\" data-element_type=\"widget\" data-widget_type=\"text-editor.default\">\n\t\t\t\t\t\t\t\t\t<p>We retain confidential information only as long as needed or legally required.<\/p><p>When no longer needed, data is securely deleted or destroyed.<\/p>\t\t\t\t\t\t\t\t<\/div>\n\t\t\t\t<div class=\"elementor-element elementor-element-27ed9fe elementor-widget elementor-widget-heading\" data-id=\"27ed9fe\" data-element_type=\"widget\" data-widget_type=\"heading.default\">\n\t\t\t\t\t<h3 class=\"elementor-heading-title elementor-size-default\">7. Third-Party Providers<\/h3>\t\t\t\t<\/div>\n\t\t\t\t<div class=\"elementor-element elementor-element-2c84f95 elementor-widget elementor-widget-text-editor\" data-id=\"2c84f95\" data-element_type=\"widget\" data-widget_type=\"text-editor.default\">\n\t\t\t\t\t\t\t\t\t<p data-start=\"2674\" data-end=\"2822\">Service providers engaged by Evolo must apply confidentiality and data protection standards equal to ours.<\/p>\t\t\t\t\t\t\t\t<\/div>\n\t\t\t\t<div class=\"elementor-element elementor-element-2fb0afc elementor-widget elementor-widget-heading\" data-id=\"2fb0afc\" data-element_type=\"widget\" data-widget_type=\"heading.default\">\n\t\t\t\t\t<h3 class=\"elementor-heading-title elementor-size-default\">8. Breach of Confidentiality<\/h3>\t\t\t\t<\/div>\n\t\t\t\t<div class=\"elementor-element elementor-element-4276db6 elementor-widget elementor-widget-text-editor\" data-id=\"4276db6\" data-element_type=\"widget\" data-widget_type=\"text-editor.default\">\n\t\t\t\t\t\t\t\t\t<p data-start=\"2865\" data-end=\"2915\">In case of unauthorized access or disclosure:<\/p><ul data-start=\"2917\" data-end=\"3144\"><li data-start=\"2917\" data-end=\"2949\"><p data-start=\"2919\" data-end=\"2949\">We immediately investigate<\/p><\/li><li data-start=\"2950\" data-end=\"3005\"><p data-start=\"2952\" data-end=\"3005\">Take measures to contain the breach<\/p><\/li><li data-start=\"3006\" data-end=\"3073\"><p data-start=\"3008\" data-end=\"3073\">Notify affected parties where required<\/p><\/li><li data-start=\"3074\" data-end=\"3144\"><p data-start=\"3076\" data-end=\"3144\">Implement improvements to avoid recurrence<\/p><\/li><\/ul>\t\t\t\t\t\t\t\t<\/div>\n\t\t\t\t<div class=\"elementor-element elementor-element-6f229f2 elementor-widget elementor-widget-heading\" data-id=\"6f229f2\" data-element_type=\"widget\" data-widget_type=\"heading.default\">\n\t\t\t\t\t<h3 class=\"elementor-heading-title elementor-size-default\">9. Your Responsibilities<\/h3>\t\t\t\t<\/div>\n\t\t\t\t<div class=\"elementor-element elementor-element-9607d8f elementor-widget elementor-widget-text-editor\" data-id=\"9607d8f\" data-element_type=\"widget\" data-widget_type=\"text-editor.default\">\n\t\t\t\t\t\t\t\t\t<p>Clients and partners must also protect confidential information shared with them.<\/p>\t\t\t\t\t\t\t\t<\/div>\n\t\t\t\t<div class=\"elementor-element elementor-element-70087c9 elementor-widget elementor-widget-heading\" data-id=\"70087c9\" data-element_type=\"widget\" data-widget_type=\"heading.default\">\n\t\t\t\t\t<h3 class=\"elementor-heading-title elementor-size-default\">10. Updates<\/h3>\t\t\t\t<\/div>\n\t\t\t\t<div class=\"elementor-element elementor-element-7e378fe elementor-widget elementor-widget-text-editor\" data-id=\"7e378fe\" data-element_type=\"widget\" data-widget_type=\"text-editor.default\">\n\t\t\t\t\t\t\t\t\t<p data-start=\"3317\" data-end=\"3409\">We may update this policy as legal requirements evolve.<\/p>\t\t\t\t\t\t\t\t<\/div>\n\t\t\t\t<div class=\"elementor-element elementor-element-f5abdeb elementor-widget elementor-widget-heading\" data-id=\"f5abdeb\" data-element_type=\"widget\" data-widget_type=\"heading.default\">\n\t\t\t\t\t<h3 class=\"elementor-heading-title elementor-size-default\">11. Contact<\/h3>\t\t\t\t<\/div>\n\t\t\t\t<div class=\"elementor-element elementor-element-1423c07 elementor-widget elementor-widget-text-editor\" data-id=\"1423c07\" data-element_type=\"widget\" data-widget_type=\"text-editor.default\">\n\t\t\t\t\t\t\t\t\t<p><strong>Evolo has no control over the content or availability of these external sites and is not responsible for their accuracy, policies, or practices. The inclusion of such links does not imply endorsement or association.<\/strong><br \/>Email: <a href=\"mailto:cfressynet@evolocoaching.ch\">cfressynet@evolocoaching.ch<\/a><br \/>Website: <a href=\"https:\/\/evolocoaching.ch\/en\/\">https:\/\/evolocoaching.ch\/<\/a><\/p>\t\t\t\t\t\t\t\t<\/div>\n\t\t\t\t\t<\/div>\n\t\t\t\t<\/div>\n\t\t\t\t<\/div>","protected":false},"excerpt":{"rendered":"<p>Politique de confidentialit\u00e9 Politique de Confidentialit\u00e9 (Conforme \u00e0 la LPD\/DSG Suisse et au RGPD) Derni\u00e8re mise \u00e0 jour : 01 novembre 2025 Chez Evolo (\u00ab nous \u00bb, \u00ab notre \u00bb, [&hellip;]<\/p>","protected":false},"author":1,"featured_media":0,"parent":0,"menu_order":0,"comment_status":"closed","ping_status":"closed","template":"elementor_header_footer","meta":{"_acf_changed":false,"site-sidebar-layout":"no-sidebar","site-content-layout":"","ast-site-content-layout":"full-width-container","site-content-style":"default","site-sidebar-style":"default","ast-global-header-display":"","ast-banner-title-visibility":"","ast-main-header-display":"","ast-hfb-above-header-display":"","ast-hfb-below-header-display":"","ast-hfb-mobile-header-display":"","site-post-title":"","ast-breadcrumbs-content":"","ast-featured-img":"disabled","footer-sml-layout":"","theme-transparent-header-meta":"","adv-header-id-meta":"","stick-header-meta":"","header-above-stick-meta":"","header-main-stick-meta":"","header-below-stick-meta":"","astra-migrate-meta-layouts":"default","ast-page-background-enabled":"default","ast-page-background-meta":{"desktop":{"background-color":"var(--ast-global-color-5)","background-image":"","background-repeat":"repeat","background-position":"center center","background-size":"auto","background-attachment":"scroll","background-type":"","background-media":"","overlay-type":"","overlay-color":"","overlay-opacity":"","overlay-gradient":""},"tablet":{"background-color":"","background-image":"","background-repeat":"repeat","background-position":"center center","background-size":"auto","background-attachment":"scroll","background-type":"","background-media":"","overlay-type":"","overlay-color":"","overlay-opacity":"","overlay-gradient":""},"mobile":{"background-color":"","background-image":"","background-repeat":"repeat","background-position":"center center","background-size":"auto","background-attachment":"scroll","background-type":"","background-media":"","overlay-type":"","overlay-color":"","overlay-opacity":"","overlay-gradient":""}},"ast-content-background-meta":{"desktop":{"background-color":"var(--ast-global-color-4)","background-image":"","background-repeat":"repeat","background-position":"center center","background-size":"auto","background-attachment":"scroll","background-type":"","background-media":"","overlay-type":"","overlay-color":"","overlay-opacity":"","overlay-gradient":""},"tablet":{"background-color":"var(--ast-global-color-4)","background-image":"","background-repeat":"repeat","background-position":"center center","background-size":"auto","background-attachment":"scroll","background-type":"","background-media":"","overlay-type":"","overlay-color":"","overlay-opacity":"","overlay-gradient":""},"mobile":{"background-color":"var(--ast-global-color-4)","background-image":"","background-repeat":"repeat","background-position":"center center","background-size":"auto","background-attachment":"scroll","background-type":"","background-media":"","overlay-type":"","overlay-color":"","overlay-opacity":"","overlay-gradient":""}},"_price":"","_stock":"","_tribe_ticket_header":"","_tribe_default_ticket_provider":"","_tribe_ticket_capacity":"0","_ticket_start_date":"","_ticket_end_date":"","_tribe_ticket_show_description":"","_tribe_ticket_show_not_going":false,"_tribe_ticket_use_global_stock":"","_tribe_ticket_global_stock_level":"","_global_stock_mode":"","_global_stock_cap":"","_tribe_rsvp_for_event":"","_tribe_ticket_going_count":"","_tribe_ticket_not_going_count":"","_tribe_tickets_list":"[]","_tribe_ticket_has_attendee_info_fields":false,"footnotes":"","_tec_slr_enabled":"","_tec_slr_layout":""},"class_list":["post-4309","page","type-page","status-publish","hentry"],"acf":[],"ticketed":false,"_links":{"self":[{"href":"https:\/\/evolocoaching.ch\/en\/wp-json\/wp\/v2\/pages\/4309","targetHints":{"allow":["GET"]}}],"collection":[{"href":"https:\/\/evolocoaching.ch\/en\/wp-json\/wp\/v2\/pages"}],"about":[{"href":"https:\/\/evolocoaching.ch\/en\/wp-json\/wp\/v2\/types\/page"}],"author":[{"embeddable":true,"href":"https:\/\/evolocoaching.ch\/en\/wp-json\/wp\/v2\/users\/1"}],"replies":[{"embeddable":true,"href":"https:\/\/evolocoaching.ch\/en\/wp-json\/wp\/v2\/comments?post=4309"}],"version-history":[{"count":0,"href":"https:\/\/evolocoaching.ch\/en\/wp-json\/wp\/v2\/pages\/4309\/revisions"}],"wp:attachment":[{"href":"https:\/\/evolocoaching.ch\/en\/wp-json\/wp\/v2\/media?parent=4309"}],"curies":[{"name":"wp","href":"https:\/\/api.w.org\/{rel}","templated":true}]}}